{"id":25,"date":"2023-04-20T16:20:20","date_gmt":"2023-04-20T14:20:20","guid":{"rendered":"https:\/\/bretagneceltique.bzh\/?page_id=25"},"modified":"2023-08-02T10:32:55","modified_gmt":"2023-08-02T08:32:55","slug":"lieu-et-details-pratiques","status":"publish","type":"page","link":"https:\/\/bretagneceltique.bzh\/?page_id=25","title":{"rendered":"En pratique &#8211; Lec&rsquo;h ha titouro\u00f9 &#8211; Venue and details"},"content":{"rendered":"\n<p class=\"has-black-color has-text-color\">Palais des Congr\u00e8s, quai Gustave Mansion 56100 Lorient<\/p>\n\n\n\n<p><\/p>\n\n\n\n<p class=\"has-blue-color has-text-color\">Palez ar C\u2019hendalc\u2019hio\u00f9 kae Gustave Mansion 56100 An Oriant<\/p>\n\n\n\n<p class=\"has-text-color\" style=\"color:#3a6a0a\">Convention Center, quay Gustave Mansion 56100 Lorient<\/p>\n\n\n<div class=\"wp-block-image\">\n<figure class=\"aligncenter size-full is-resized\"><img loading=\"lazy\" decoding=\"async\" src=\"https:\/\/bretagneceltique.bzh\/wp-content\/uploads\/2023\/04\/palais-des-congres-de-lorient-auditorium_8333.jpg\" alt=\"\" class=\"wp-image-73\" width=\"303\" height=\"213\" srcset=\"https:\/\/bretagneceltique.bzh\/wp-content\/uploads\/2023\/04\/palais-des-congres-de-lorient-auditorium_8333.jpg 1000w, https:\/\/bretagneceltique.bzh\/wp-content\/uploads\/2023\/04\/palais-des-congres-de-lorient-auditorium_8333-300x212.jpg 300w, https:\/\/bretagneceltique.bzh\/wp-content\/uploads\/2023\/04\/palais-des-congres-de-lorient-auditorium_8333-768x541.jpg 768w\" sizes=\"auto, (max-width: 303px) 100vw, 303px\" \/><\/figure>\n<\/div>\n\n\n<p><br>Entr\u00e9e libre sur inscription &#8211; Free access upon registration<br>07 68 40 66 93<br><a rel=\"noreferrer noopener\" href=\"mailto:contact@bretagneceltique.bzh\" target=\"_blank\">contact@bretagneceltique.bzh<\/a><br><\/p>\n\n\n\n<p class=\"has-blue-color has-text-color\">Dont-tre digoust evit an dud enskrivet<br>Darempred: +33 7 68 40 66 93<br><a href=\"mailto:contact@bretagneceltique.bzh\">contact@bretagneceltique.bzh<\/a><\/p>\n\n\n\n<p class=\"has-text-color\" style=\"color:#3a6a0a\">Free access upon registration<br>07 68 40 66 93<br><a rel=\"noreferrer noopener\" href=\"mailto:contact@bretagneceltique.bzh\" target=\"_blank\">contact@bretagneceltique.bzh<\/a><\/p>\n\n\n\n<p><\/p>\n\n\n\n<h2 class=\"wp-block-heading\">Horaires &#8211; Deizater &amp; eurio\u00f9 digeri\u00f1 &#8211; Timmings : <\/h2>\n\n\n\n<p class=\"has-black-color has-text-color\">9h30 Accueil <br>           Degemer<br>           Welcome<br>10h D\u00e9but des d\u00e9bats<br>        Penn-kenta\u00f1 ar prezegenno\u00f9 hag an eskemmo\u00f9<br>        Start of interventions and speeches<br>12h30 <em>Pause <br>            Ehan<br>            Break<\/em><br>14h Reprise des d\u00e9bats <br>        Adkrog ar prezegenno\u00f9<br>        Resumption of speeches and discussions<br>16h10 <em>Pause<br>            Ehan<br>            Break<\/em><br>16h25 Reprise des d\u00e9bats<br>            Lodenn ziwezha\u00f1 ar prezegenno\u00f9<br>            Resumption of discussions<br>18h Ouverture du Festival Interceltique devant le Palais des Congr\u00e8s<br>        Symposium close &#8211; Opening Ceremony of Inter Celtic Festival in front of Palais des  <br>        Congres <br>        Dibenn an eskemmo\u00f9 \u2013 Digoradur ofisiel Gouel Etrekeltiek an Oriant dirak Paez ar  <br>        C\u2019hendalc\u2019hio\u00f9<\/p>\n\n\n<div class=\"wp-block-image\">\n<figure class=\"aligncenter size-large\"><img loading=\"lazy\" decoding=\"async\" width=\"724\" height=\"1024\" src=\"https:\/\/bretagneceltique.bzh\/wp-content\/uploads\/2023\/05\/St-Marc-1-724x1024.jpg\" alt=\"\" class=\"wp-image-127\" srcset=\"https:\/\/bretagneceltique.bzh\/wp-content\/uploads\/2023\/05\/St-Marc-1-724x1024.jpg 724w, https:\/\/bretagneceltique.bzh\/wp-content\/uploads\/2023\/05\/St-Marc-1-212x300.jpg 212w, https:\/\/bretagneceltique.bzh\/wp-content\/uploads\/2023\/05\/St-Marc-1-768x1086.jpg 768w, https:\/\/bretagneceltique.bzh\/wp-content\/uploads\/2023\/05\/St-Marc-1-1086x1536.jpg 1086w, https:\/\/bretagneceltique.bzh\/wp-content\/uploads\/2023\/05\/St-Marc-1-1448x2048.jpg 1448w, https:\/\/bretagneceltique.bzh\/wp-content\/uploads\/2023\/05\/St-Marc-1-scaled.jpg 1810w\" sizes=\"auto, (max-width: 724px) 100vw, 724px\" \/><\/figure>\n<\/div>\n\n\n<p><\/p>\n\n\n\n<figure class=\"wp-block-image size-large\"><img loading=\"lazy\" decoding=\"async\" width=\"1024\" height=\"724\" src=\"https:\/\/bretagneceltique.bzh\/wp-content\/uploads\/2023\/05\/Titre-1024x724.png\" alt=\"\" class=\"wp-image-118\" srcset=\"https:\/\/bretagneceltique.bzh\/wp-content\/uploads\/2023\/05\/Titre-1024x724.png 1024w, https:\/\/bretagneceltique.bzh\/wp-content\/uploads\/2023\/05\/Titre-300x212.png 300w, https:\/\/bretagneceltique.bzh\/wp-content\/uploads\/2023\/05\/Titre-768x543.png 768w, https:\/\/bretagneceltique.bzh\/wp-content\/uploads\/2023\/05\/Titre-1536x1086.png 1536w, https:\/\/bretagneceltique.bzh\/wp-content\/uploads\/2023\/05\/Titre-2048x1448.png 2048w\" sizes=\"auto, (max-width: 1024px) 100vw, 1024px\" \/><\/figure>\n","protected":false},"excerpt":{"rendered":"<p>Palais des Congr\u00e8s, quai Gustave Mansion 56100 Lorient Palez ar C\u2019hendalc\u2019hio\u00f9 kae Gustave Mansion 56100 An Oriant Convention Center, quay Gustave Mansion 56100 Lorient Entr\u00e9e libre sur inscription &#8211; Free access upon registration07 68 40 66 93contact@bretagneceltique.bzh Dont-tre digoust evit &hellip; <a href=\"https:\/\/bretagneceltique.bzh\/?page_id=25\">Continuer la lecture <span class=\"meta-nav\">&rarr;<\/span><\/a><\/p>\n","protected":false},"author":1,"featured_media":0,"parent":0,"menu_order":0,"comment_status":"closed","ping_status":"closed","template":"","meta":{"footnotes":""},"class_list":["post-25","page","type-page","status-publish","hentry"],"_links":{"self":[{"href":"https:\/\/bretagneceltique.bzh\/index.php?rest_route=\/wp\/v2\/pages\/25","targetHints":{"allow":["GET"]}}],"collection":[{"href":"https:\/\/bretagneceltique.bzh\/index.php?rest_route=\/wp\/v2\/pages"}],"about":[{"href":"https:\/\/bretagneceltique.bzh\/index.php?rest_route=\/wp\/v2\/types\/page"}],"author":[{"embeddable":true,"href":"https:\/\/bretagneceltique.bzh\/index.php?rest_route=\/wp\/v2\/users\/1"}],"replies":[{"embeddable":true,"href":"https:\/\/bretagneceltique.bzh\/index.php?rest_route=%2Fwp%2Fv2%2Fcomments&post=25"}],"version-history":[{"count":28,"href":"https:\/\/bretagneceltique.bzh\/index.php?rest_route=\/wp\/v2\/pages\/25\/revisions"}],"predecessor-version":[{"id":422,"href":"https:\/\/bretagneceltique.bzh\/index.php?rest_route=\/wp\/v2\/pages\/25\/revisions\/422"}],"wp:attachment":[{"href":"https:\/\/bretagneceltique.bzh\/index.php?rest_route=%2Fwp%2Fv2%2Fmedia&parent=25"}],"curies":[{"name":"wp","href":"https:\/\/api.w.org\/{rel}","templated":true}]}}